{"id":21,"date":"2022-11-17T16:26:56","date_gmt":"2022-11-17T15:26:56","guid":{"rendered":"https:\/\/www.drinkafter.cz\/homepage\/"},"modified":"2022-11-20T19:51:04","modified_gmt":"2022-11-20T18:51:04","slug":"homepage","status":"publish","type":"page","link":"https:\/\/www.drinkafter.cz\/sk\/","title":{"rendered":"Homepage"},"content":{"rendered":"","protected":false},"excerpt":{"rendered":"","protected":false},"author":1,"featured_media":0,"parent":0,"menu_order":0,"comment_status":"closed","ping_status":"closed","template":"","meta":{"_monsterinsights_skip_tracking":false,"_monsterinsights_sitenote_active":false,"_monsterinsights_sitenote_note":"","_monsterinsights_sitenote_category":0,"footnotes":""},"class_list":["post-21","page","type-page","status-publish","hentry"],"acf":[],"yoast_head":"<!-- This site is optimized with the Yoast SEO plugin v23.9 - https:\/\/yoast.com\/wordpress\/plugins\/seo\/ -->\n<title>Voda vyvinut\u00e1 pre \u0165a\u017ek\u00e9 r\u00e1na | Drinkafter.cz<\/title>\n<meta name=\"robots\" content=\"index, follow, max-snippet:-1, max-image-preview:large, max-video-preview:-1\" \/>\n<link rel=\"canonical\" href=\"https:\/\/www.drinkafter.cz\/sk\/\" \/>\n<meta property=\"og:locale\" content=\"sk_SK\" \/>\n<meta property=\"og:type\" content=\"article\" \/>\n<meta property=\"og:title\" content=\"Voda vyvinut\u00e1 pre \u0165a\u017ek\u00e9 r\u00e1na | Drinkafter.cz\" \/>\n<meta property=\"og:url\" content=\"https:\/\/www.drinkafter.cz\/sk\/\" \/>\n<meta property=\"og:site_name\" content=\"Voda vyvinut\u00e1 pre \u0165a\u017ek\u00e9 r\u00e1na\" \/>\n<meta property=\"article:modified_time\" content=\"2022-11-20T18:51:04+00:00\" \/>\n<meta name=\"twitter:card\" content=\"summary_large_image\" \/>\n<script type=\"application\/ld+json\" class=\"yoast-schema-graph\">{\"@context\":\"https:\/\/schema.org\",\"@graph\":[{\"@type\":\"WebPage\",\"@id\":\"https:\/\/www.drinkafter.cz\/sk\/\",\"url\":\"https:\/\/www.drinkafter.cz\/sk\/\",\"name\":\"Voda vyvinut\u00e1 pre \u0165a\u017ek\u00e9 r\u00e1na | Drinkafter.cz\",\"isPartOf\":{\"@id\":\"https:\/\/www.drinkafter.cz\/sk\/#website\"},\"datePublished\":\"2022-11-17T15:26:56+00:00\",\"dateModified\":\"2022-11-20T18:51:04+00:00\",\"inLanguage\":\"sk-SK\",\"potentialAction\":[{\"@type\":\"ReadAction\",\"target\":[\"https:\/\/www.drinkafter.cz\/sk\/\"]}]},{\"@type\":\"WebSite\",\"@id\":\"https:\/\/www.drinkafter.cz\/sk\/#website\",\"url\":\"https:\/\/www.drinkafter.cz\/sk\/\",\"name\":\"Voda vyvinut\u00e1 pre \u0165a\u017ek\u00e9 r\u00e1na\",\"description\":\"\",\"potentialAction\":[{\"@type\":\"SearchAction\",\"target\":{\"@type\":\"EntryPoint\",\"urlTemplate\":\"https:\/\/www.drinkafter.cz\/sk\/?s={search_term_string}\"},\"query-input\":{\"@type\":\"PropertyValueSpecification\",\"valueRequired\":true,\"valueName\":\"search_term_string\"}}],\"inLanguage\":\"sk-SK\"}]}<\/script>\n<!-- \/ Yoast SEO plugin. -->","yoast_head_json":{"title":"Voda vyvinut\u00e1 pre \u0165a\u017ek\u00e9 r\u00e1na | Drinkafter.cz","robots":{"index":"index","follow":"follow","max-snippet":"max-snippet:-1","max-image-preview":"max-image-preview:large","max-video-preview":"max-video-preview:-1"},"canonical":"https:\/\/www.drinkafter.cz\/sk\/","og_locale":"sk_SK","og_type":"article","og_title":"Voda vyvinut\u00e1 pre \u0165a\u017ek\u00e9 r\u00e1na | Drinkafter.cz","og_url":"https:\/\/www.drinkafter.cz\/sk\/","og_site_name":"Voda vyvinut\u00e1 pre \u0165a\u017ek\u00e9 r\u00e1na","article_modified_time":"2022-11-20T18:51:04+00:00","twitter_card":"summary_large_image","schema":{"@context":"https:\/\/schema.org","@graph":[{"@type":"WebPage","@id":"https:\/\/www.drinkafter.cz\/sk\/","url":"https:\/\/www.drinkafter.cz\/sk\/","name":"Voda vyvinut\u00e1 pre \u0165a\u017ek\u00e9 r\u00e1na | Drinkafter.cz","isPartOf":{"@id":"https:\/\/www.drinkafter.cz\/sk\/#website"},"datePublished":"2022-11-17T15:26:56+00:00","dateModified":"2022-11-20T18:51:04+00:00","inLanguage":"sk-SK","potentialAction":[{"@type":"ReadAction","target":["https:\/\/www.drinkafter.cz\/sk\/"]}]},{"@type":"WebSite","@id":"https:\/\/www.drinkafter.cz\/sk\/#website","url":"https:\/\/www.drinkafter.cz\/sk\/","name":"Voda vyvinut\u00e1 pre \u0165a\u017ek\u00e9 r\u00e1na","description":"","potentialAction":[{"@type":"SearchAction","target":{"@type":"EntryPoint","urlTemplate":"https:\/\/www.drinkafter.cz\/sk\/?s={search_term_string}"},"query-input":{"@type":"PropertyValueSpecification","valueRequired":true,"valueName":"search_term_string"}}],"inLanguage":"sk-SK"}]}},"_links":{"self":[{"href":"https:\/\/www.drinkafter.cz\/sk\/wp-json\/wp\/v2\/pages\/21","targetHints":{"allow":["GET"]}}],"collection":[{"href":"https:\/\/www.drinkafter.cz\/sk\/wp-json\/wp\/v2\/pages"}],"about":[{"href":"https:\/\/www.drinkafter.cz\/sk\/wp-json\/wp\/v2\/types\/page"}],"author":[{"embeddable":true,"href":"https:\/\/www.drinkafter.cz\/sk\/wp-json\/wp\/v2\/users\/1"}],"replies":[{"embeddable":true,"href":"https:\/\/www.drinkafter.cz\/sk\/wp-json\/wp\/v2\/comments?post=21"}],"version-history":[{"count":7,"href":"https:\/\/www.drinkafter.cz\/sk\/wp-json\/wp\/v2\/pages\/21\/revisions"}],"predecessor-version":[{"id":285,"href":"https:\/\/www.drinkafter.cz\/sk\/wp-json\/wp\/v2\/pages\/21\/revisions\/285"}],"wp:attachment":[{"href":"https:\/\/www.drinkafter.cz\/sk\/wp-json\/wp\/v2\/media?parent=21"}],"curies":[{"name":"wp","href":"https:\/\/api.w.org\/{rel}","templated":true}]}}